{"id":12368,"date":"2024-05-27T14:25:26","date_gmt":"2024-05-27T12:25:26","guid":{"rendered":"https:\/\/www.tmf.ukim.edu.mk\/elementor-8848\/"},"modified":"2024-05-27T14:25:26","modified_gmt":"2024-05-27T12:25:26","slug":"elementor-8848","status":"publish","type":"page","link":"https:\/\/www.tmf.ukim.edu.mk\/en\/elementor-8848\/","title":{"rendered":"Food Tech Congress"},"content":{"rendered":"\t\t<div data-elementor-type=\"wp-page\" data-elementor-id=\"12368\" class=\"elementor elementor-12368 elementor-8848\">\n\t\t\t\t\t\t<section class=\"elementor-section elementor-top-section elementor-element elementor-element-01b4d91 elementor-section-boxed elementor-section-gap-beside-yes elementor-section-height-default elementor-section-height-default elementor-section-column-vertical-align-stretch\" data-id=\"01b4d91\" data-element_type=\"section\" data-e-type=\"section\">\n\t\t\t\t\t\t<div class=\"elementor-container elementor-column-gap-extended\">\n\t\t\t\t\t<div class=\"elementor-column elementor-col-100 elementor-top-column elementor-element elementor-element-9da0e60\" data-id=\"9da0e60\" data-element_type=\"column\" data-e-type=\"column\">\n\t\t\t<div class=\"elementor-widget-wrap elementor-element-populated\">\n\t\t\t\t\t\t<div class=\"elementor-element elementor-element-de0abee elementor-widget elementor-widget-heading\" data-id=\"de0abee\" data-element_type=\"widget\" data-e-type=\"widget\" data-widget_type=\"heading.default\">\n\t\t\t\t<div class=\"elementor-widget-container\">\n\t\t\t\t\t<h2 class=\"elementor-heading-title elementor-size-default\"><p style=\"font-weight: 400;font-size: 11pt;font-family: Calibri, sans-serif;direction: ltr;margin-right: 0px;margin-bottom: 0px;margin-left: 0px\"><span style=\"border: 0px;font-style: inherit;font-variant: inherit;font-weight: inherit;font-size: 12pt;line-height: inherit;, serif;margin: 0px;padding: 0px;vertical-align: baseline;color: inherit\">Dear colleagues and friends,<\/span><\/p><p style=\"font-weight: 400;font-size: 11pt;font-family: Calibri, sans-serif;direction: ltr;margin-right: 0px;margin-bottom: 0px;margin-left: 0px\"><span style=\"border: 0px;font-style: inherit;font-variant: inherit;font-weight: inherit;font-size: 12pt;line-height: inherit;, serif;margin: 0px;padding: 0px;vertical-align: baseline;color: inherit\"><b>&nbsp;<\/b><\/span><\/p><p style=\"font-weight: 400;font-size: 11pt;font-family: Calibri, sans-serif;direction: ltr;margin-right: 0px;margin-bottom: 0px;margin-left: 0px\"><span style=\"border: 0px;font-style: inherit;font-variant: inherit;font-weight: inherit;font-size: 12pt;line-height: inherit;, serif;margin: 0px;padding: 0px;vertical-align: baseline;color: inherit\"><b>Registrations are now open<\/b>&nbsp;for the highly anticipated&nbsp;<b>FoodTech 2024<\/b><\/span><span style=\"border: 0px;font-style: inherit;font-variant: inherit;font-weight: inherit;font-size: 12pt;line-height: inherit;, serif;margin: 0px;padding: 0px;vertical-align: baseline\"><b>&nbsp;<\/b><\/span><span style=\"border: 0px;font-style: inherit;font-variant: inherit;font-weight: inherit;font-size: 12pt;line-height: inherit;, serif;margin: 0px;padding: 0px;vertical-align: baseline;color: inherit\">Congress,<\/span><span style=\"border: 0px;font-style: inherit;font-variant: inherit;font-weight: inherit;font-size: 12pt;line-height: inherit;, serif;margin: 0px;padding: 0px;vertical-align: baseline\"><br><\/span><span style=\"border: 0px;font-style: inherit;font-variant: inherit;font-weight: inherit;font-size: 12pt;line-height: inherit;, serif;margin: 0px;padding: 0px;vertical-align: baseline;color: inherit\">taking place in the city of Novi Sad, Serbia, at the Hotel Sheraton from October 16<sup>th<\/sup>&nbsp;to 18<sup>th<\/sup>.<\/span><\/p><p style=\"font-weight: 400;font-size: 11pt;font-family: Calibri, sans-serif;direction: ltr;margin-right: 0px;margin-bottom: 0px;margin-left: 0px\"><span style=\"border: 0px;font-style: inherit;font-variant: inherit;font-weight: inherit;font-size: 12pt;line-height: inherit;, serif;margin: 0px;padding: 0px;vertical-align: baseline;color: inherit\">&nbsp;<\/span><\/p><p style=\"font-weight: 400;font-size: 11pt;font-family: Calibri, sans-serif;direction: ltr;margin-right: 0px;margin-bottom: 0px;margin-left: 0px\"><span style=\"border: 0px;font-style: inherit;font-variant: inherit;font-weight: inherit;font-size: 12pt;line-height: inherit;, serif;margin: 0px;padding: 0px;vertical-align: baseline;color: inherit\">Join us for three days of innovation<\/span><span style=\"border: 0px;font-style: inherit;font-variant: inherit;font-weight: inherit;font-size: 12pt;line-height: inherit;, serif;margin: 0px;padding: 0px;vertical-align: baseline\">s<\/span><span style=\"border: 0px;font-style: inherit;font-variant: inherit;font-weight: inherit;font-size: 12pt;line-height: inherit;, serif;margin: 0px;padding: 0px;vertical-align: baseline;color: inherit\">&nbsp;and networking as we explore the latest trends in the food industry,<\/span><span style=\"border: 0px;font-style: inherit;font-variant: inherit;font-weight: inherit;font-size: 12pt;line-height: inherit;, serif;margin: 0px;padding: 0px;vertical-align: baseline\"><br><\/span><span style=\"border: 0px;font-style: inherit;font-variant: inherit;font-weight: inherit;font-size: 12pt;line-height: inherit;, serif;margin: 0px;padding: 0px;vertical-align: baseline;color: inherit\">all while enjoying Serbian hospitality and a rich social program.<\/span><\/p><p style=\"font-weight: 400;font-size: 11pt;font-family: Calibri, sans-serif;direction: ltr;margin-right: 0px;margin-bottom: 0px;margin-left: 0px\"><span style=\"border: 0px;font-style: inherit;font-variant: inherit;font-weight: inherit;font-size: 12pt;line-height: inherit;, serif;margin: 0px;padding: 0px;vertical-align: baseline;color: inherit\">Embrace this year's congress motto&nbsp; \"<i>Science today, technology tomorrow<\/i>.\"<\/span><\/p><p style=\"font-weight: 400;font-size: 11pt;font-family: Calibri, sans-serif;direction: ltr;margin-right: 0px;margin-bottom: 0px;margin-left: 0px\"><span style=\"border: 0px;font-style: inherit;font-variant: inherit;font-weight: inherit;font-size: 12pt;line-height: inherit;, serif;margin: 0px;padding: 0px;vertical-align: baseline;color: inherit\">&nbsp;<\/span><\/p><p style=\"font-weight: 400;font-size: 11pt;font-family: Calibri, sans-serif;direction: ltr;margin-right: 0px;margin-bottom: 0px;margin-left: 0px\"><span style=\"border: 0px;font-style: inherit;font-variant: inherit;font-weight: inherit;font-size: 12pt;line-height: inherit;, serif;margin: 0px;padding: 0px;vertical-align: baseline;color: inherit\">Don't miss your chance to benefit from&nbsp;<b>early registration<\/b>&nbsp;fees.<\/span><\/p><p style=\"font-weight: 400;font-size: 11pt;font-family: Calibri, sans-serif;direction: ltr;margin-right: 0px;margin-bottom: 0px;margin-left: 0px\"><span style=\"border: 0px;font-style: inherit;font-variant: inherit;font-weight: inherit;font-size: 12pt;line-height: inherit;, serif;margin: 0px;padding: 0px;vertical-align: baseline;color: inherit\">For more information and registration details, please visit our website<b>:&nbsp;<\/b><\/span><span style=\"border: 0px;font-style: inherit;font-variant: inherit;font-weight: inherit;font-size: 12pt;line-height: inherit;, serif;margin: 0px;padding: 0px;vertical-align: baseline;color: blue !important\"><b><u><a href=\"http:\/\/www.foodtech.uns.ac.rs\/\" target=\"_blank\" rel=\"noopener noreferrer\" data-auth=\"NotApplicable\" id=\"LPlnkOWA60432a4a-7fd6-501a-253f-c7be3507379b\" data-loopstyle=\"linkonly\" data-linkindex=\"0\" style=\"border: 0px;font: inherit;margin: 0px;padding: 0px;vertical-align: baseline;color: blue !important\">www.foodtech.uns.ac.rs<\/a><\/u><\/b><\/span><\/p><p style=\"font-weight: 400;font-size: 11pt;font-family: Calibri, sans-serif;direction: ltr;margin-right: 0px;margin-bottom: 0px;margin-left: 0px\"><span style=\"border: 0px;font-style: inherit;font-variant: inherit;font-weight: inherit;font-size: 12pt;line-height: inherit;, serif;margin: 0px;padding: 0px;vertical-align: baseline;color: inherit\">&nbsp;<\/span><\/p><p style=\"font-weight: 400;font-size: 11pt;font-family: Calibri, sans-serif;direction: ltr;margin-right: 0px;margin-bottom: 0px;margin-left: 0px\"><span style=\"border: 0px;font-style: inherit;font-variant: inherit;font-weight: inherit;font-size: 12pt;line-height: inherit;, serif;margin: 0px;padding: 0px;vertical-align: baseline;color: inherit\">We look forward to welcoming you to Novi Sad!<\/span><\/p><p style=\"font-weight: 400;font-size: 11pt;font-family: Calibri, sans-serif;direction: ltr;margin-right: 0px;margin-bottom: 0px;margin-left: 0px\"><span style=\"border: 0px;font-style: inherit;font-variant: inherit;font-weight: inherit;font-size: 12pt;line-height: inherit;font-family: inherit;margin: 0px;padding: 0px;vertical-align: baseline\">&nbsp;<\/span><\/p><p style=\"font-weight: 400;font-size: 11pt;font-family: Calibri, sans-serif;direction: ltr;margin-right: 0px;margin-bottom: 0px;margin-left: 0px\"><span style=\"border: 0px;font-style: inherit;font-variant: inherit;font-weight: inherit;font-size: 12pt;line-height: inherit;, serif;margin: 0px;padding: 0px;vertical-align: baseline;color: inherit\">Dr. Ljubi\u0161a \u0160ari\u0107, Congress President<\/span><\/p><span style=\"color: inherit;, serif;font-size: 12pt;font-style: inherit;font-weight: inherit;letter-spacing: 0em\">Institute of Food Technology in Novi Sad<\/span><\/h2>\t\t\t\t<\/div>\n\t\t\t\t<\/div>\n\t\t\t\t\t<\/div>\n\t\t<\/div>\n\t\t\t\t\t<\/div>\n\t\t<\/section>\n\t\t\t\t<section class=\"elementor-section elementor-top-section elementor-element elementor-element-25bd2db elementor-section-boxed elementor-section-gap-beside-yes elementor-section-height-default elementor-section-height-default elementor-section-column-vertical-align-stretch\" data-id=\"25bd2db\" data-element_type=\"section\" data-e-type=\"section\">\n\t\t\t\t\t\t<div class=\"elementor-container elementor-column-gap-extended\">\n\t\t\t\t\t<div class=\"elementor-column elementor-col-100 elementor-top-column elementor-element elementor-element-015eef3\" data-id=\"015eef3\" data-element_type=\"column\" data-e-type=\"column\">\n\t\t\t<div class=\"elementor-widget-wrap elementor-element-populated\">\n\t\t\t\t\t\t<section class=\"elementor-section elementor-inner-section elementor-element elementor-element-411b4a5 elementor-section-boxed elementor-section-gap-beside-yes elementor-section-height-default elementor-section-height-default elementor-section-column-vertical-align-stretch\" data-id=\"411b4a5\" data-element_type=\"section\" data-e-type=\"section\">\n\t\t\t\t\t\t<div class=\"elementor-container elementor-column-gap-extended\">\n\t\t\t\t\t<div class=\"elementor-column elementor-col-50 elementor-inner-column elementor-element elementor-element-cc21cdc\" data-id=\"cc21cdc\" data-element_type=\"column\" data-e-type=\"column\">\n\t\t\t<div class=\"elementor-widget-wrap elementor-element-populated\">\n\t\t\t\t\t\t<div class=\"elementor-element elementor-element-45e8f25 elementor-widget elementor-widget-image\" data-id=\"45e8f25\" data-element_type=\"widget\" data-e-type=\"widget\" data-widget_type=\"image.default\">\n\t\t\t\t<div class=\"elementor-widget-container\">\n\t\t\t\t\t\t\t\t\t\t\t\t\t\t\t<img fetchpriority=\"high\" decoding=\"async\" width=\"303\" height=\"428\" src=\"https:\/\/www.tmf.ukim.edu.mk\/wp-content\/uploads\/2024\/05\/image001.jpg\" class=\"attachment-large size-large wp-image-8851\" alt=\"\" srcset=\"https:\/\/www.tmf.ukim.edu.mk\/wp-content\/uploads\/2024\/05\/image001.jpg 303w, https:\/\/www.tmf.ukim.edu.mk\/wp-content\/uploads\/2024\/05\/image001-212x300.jpg 212w, https:\/\/www.tmf.ukim.edu.mk\/wp-content\/uploads\/2024\/05\/image001-35x50.jpg 35w\" sizes=\"(max-width: 303px) 100vw, 303px\" \/>\t\t\t\t\t\t\t\t\t\t\t\t\t\t\t<\/div>\n\t\t\t\t<\/div>\n\t\t\t\t\t<\/div>\n\t\t<\/div>\n\t\t\t\t<div class=\"elementor-column elementor-col-50 elementor-inner-column elementor-element elementor-element-94df14d\" data-id=\"94df14d\" data-element_type=\"column\" data-e-type=\"column\">\n\t\t\t<div class=\"elementor-widget-wrap elementor-element-populated\">\n\t\t\t\t\t\t<div class=\"elementor-element elementor-element-feb86e9 elementor-widget__width-initial elementor-widget elementor-widget-image\" data-id=\"feb86e9\" data-element_type=\"widget\" data-e-type=\"widget\" data-widget_type=\"image.default\">\n\t\t\t\t<div class=\"elementor-widget-container\">\n\t\t\t\t\t\t\t\t\t\t\t\t\t\t\t<img decoding=\"async\" width=\"304\" height=\"428\" src=\"https:\/\/www.tmf.ukim.edu.mk\/wp-content\/uploads\/2024\/05\/image002.jpg\" class=\"attachment-large size-large wp-image-8853\" alt=\"\" srcset=\"https:\/\/www.tmf.ukim.edu.mk\/wp-content\/uploads\/2024\/05\/image002.jpg 304w, https:\/\/www.tmf.ukim.edu.mk\/wp-content\/uploads\/2024\/05\/image002-213x300.jpg 213w, https:\/\/www.tmf.ukim.edu.mk\/wp-content\/uploads\/2024\/05\/image002-36x50.jpg 36w\" sizes=\"(max-width: 304px) 100vw, 304px\" \/>\t\t\t\t\t\t\t\t\t\t\t\t\t\t\t<\/div>\n\t\t\t\t<\/div>\n\t\t\t\t\t<\/div>\n\t\t<\/div>\n\t\t\t\t\t<\/div>\n\t\t<\/section>\n\t\t\t\t\t<\/div>\n\t\t<\/div>\n\t\t\t\t\t<\/div>\n\t\t<\/section>\n\t\t\t\t<\/div>\n\t\t","protected":false},"excerpt":{"rendered":"<p>Dear colleagues and friends, &nbsp; Registrations are now open&nbsp;for the highly anticipated&nbsp;FoodTech 2024&nbsp;Congress,taking place in the city of Novi Sad, Serbia, at the Hotel Sheraton from October 16th&nbsp;to 18th. &nbsp; Join us for three days of innovations&nbsp;and networking as we explore the latest trends in the food industry,all while enjoying Serbian hospitality and a rich social program. Embrace this year&#8217;s congress motto&nbsp; &#8220;Science today, technology tomorrow.&#8221; &nbsp; Don&#8217;t miss your chance to benefit from&nbsp;early registration&nbsp;fees. For more information and registration details, please visit our website:&nbsp;www.foodtech.uns.ac.rs &nbsp; We look forward to welcoming you to Novi Sad! &nbsp; Dr. Ljubi\u0161a \u0160ari\u0107, Congress President Institute of Food Technology in Novi Sad<\/p>\n","protected":false},"author":6,"featured_media":0,"parent":0,"menu_order":0,"comment_status":"closed","ping_status":"closed","template":"","meta":{"footnotes":""},"class_list":["post-12368","page","type-page","status-publish","hentry","post-no-thumbnail"],"aioseo_notices":[],"_links":{"self":[{"href":"https:\/\/www.tmf.ukim.edu.mk\/en\/wp-json\/wp\/v2\/pages\/12368","targetHints":{"allow":["GET"]}}],"collection":[{"href":"https:\/\/www.tmf.ukim.edu.mk\/en\/wp-json\/wp\/v2\/pages"}],"about":[{"href":"https:\/\/www.tmf.ukim.edu.mk\/en\/wp-json\/wp\/v2\/types\/page"}],"author":[{"embeddable":true,"href":"https:\/\/www.tmf.ukim.edu.mk\/en\/wp-json\/wp\/v2\/users\/6"}],"replies":[{"embeddable":true,"href":"https:\/\/www.tmf.ukim.edu.mk\/en\/wp-json\/wp\/v2\/comments?post=12368"}],"version-history":[{"count":0,"href":"https:\/\/www.tmf.ukim.edu.mk\/en\/wp-json\/wp\/v2\/pages\/12368\/revisions"}],"wp:attachment":[{"href":"https:\/\/www.tmf.ukim.edu.mk\/en\/wp-json\/wp\/v2\/media?parent=12368"}],"curies":[{"name":"wp","href":"https:\/\/api.w.org\/{rel}","templated":true}]}}