{"id":12713,"date":"2023-09-06T13:51:58","date_gmt":"2023-09-06T11:51:58","guid":{"rendered":"https:\/\/www.tmf.ukim.edu.mk\/?page_id=12713"},"modified":"2025-03-02T13:36:37","modified_gmt":"2025-03-02T12:36:37","slug":"%d0%bb%d0%b8%d0%bd%d0%ba%d0%be%d0%b2%d0%b8","status":"publish","type":"page","link":"https:\/\/www.tmf.ukim.edu.mk\/en\/%d0%bb%d0%b8%d0%bd%d0%ba%d0%be%d0%b2%d0%b8\/","title":{"rendered":"\u041b\u0438\u043d\u043a\u043e\u0432\u0438"},"content":{"rendered":"\n<p><\/p>\n\n\n\n<p><a href=\"https:\/\/www.ukim.edu.mk\/\" data-type=\"link\" data-id=\"https:\/\/www.ukim.edu.mk\/\">\u0423\u041d\u0418\u0412\u0415\u0420\u0417\u0418\u0422\u0415\u0422 \u201e\u0421\u0412. \u041a\u0418\u0420\u0418\u041b \u0418 \u041c\u0415\u0422\u041e\u0414\u0418\u0408\u201c<\/a><\/p>\n\n\n\n<p><a href=\"https:\/\/www.mon.gov.mk\/\" data-type=\"link\" data-id=\"https:\/\/www.mon.gov.mk\/\">\u041c\u0438\u043d\u0438\u0441\u0442\u0435\u0440\u0441\u0442\u0432\u043e \u0437\u0430 \u043e\u0431\u0440\u0430\u0437\u043e\u0432\u0430\u043d\u0438\u0435 \u0438 \u043d\u0430\u0443\u043a\u0430 \u043d\u0430 \u0420\u0435\u043f\u0443\u0431\u043b\u0438\u043a\u0430 \u0421\u0435\u0432\u0435\u0440\u043d\u0430 \u041c\u0430\u043a\u0435\u0434\u043e\u043d\u0438\u0458\u0430<\/a><\/p>\n\n\n\n<p><a href=\"http:\/\/www.tmf.ukim.edu.mk\/ccareer\/Default2.aspx\" data-type=\"link\" data-id=\"http:\/\/www.tmf.ukim.edu.mk\/ccareer\/Default2.aspx\">\u0426\u0435\u043d\u0442\u0430\u0440 \u0437\u0430 \u043a\u0430\u0440\u0438\u0435\u0440\u0430<\/a><\/p>\n\n\n\n<p><a href=\"http:\/\/www.spukm.org\/\" data-type=\"link\" data-id=\"http:\/\/www.spukm.org\/\">\u0421\u0442\u0443\u0434\u0435\u043d\u0442\u0441\u043a\u0438 \u043f\u0430\u0440\u043b\u0430\u043c\u0435\u043d\u0442<\/a><\/p>\n\n\n\n<p><a href=\"http:\/\/engineer.org.mk\/\" data-type=\"link\" data-id=\"http:\/\/engineer.org.mk\/\">\u0418\u043d\u0436\u0435\u043d\u0435\u0440\u0441\u043a\u0430 \u0438\u043d\u0441\u0442\u0438\u0442\u0443\u0446\u0438\u0458\u0430 \u043d\u0430 \u041c\u0430\u043a\u0435\u0434\u043e\u043d\u0438\u0458\u0430<\/a><\/p>\n\n\n\n<p><a href=\"http:\/\/www.tmf.ukim.edu.mk\/MAH2\/index.aspx\" data-type=\"link\" data-id=\"http:\/\/www.tmf.ukim.edu.mk\/MAH2\/index.aspx\">\u041c\u0430\u043a\u0435\u0434\u043e\u043d\u0441\u043a\u0430 \u0432\u043e\u0434\u043e\u0440\u043e\u0434\u043d\u0430 \u0430\u0441\u043e\u0446\u0438\u0458\u0430\u0446\u0438\u0458\u0430<\/a><\/p>\n\n\n\n<p><a href=\"https:\/\/sctm.mk\/\" data-type=\"link\" data-id=\"https:\/\/sctm.mk\/\">\u0421\u043e\u0458\u0443\u0437 \u043d\u0430 \u0445\u0435\u043c\u0438\u0447\u0430\u0440\u0438 \u0438 \u0442\u0435\u0445\u043d\u043e\u043b\u043e\u0437\u0438 \u043d\u0430 \u041c\u0430\u043a\u0435\u0434\u043e\u043d\u0438\u0458\u0430<\/a><\/p>\n\n\n\n<p><a href=\"http:\/\/www.zmm.mk\/\" data-type=\"link\" data-id=\"http:\/\/www.zmm.mk\/\">\u0417\u0434\u0440\u0443\u0436\u0435\u043d\u0438\u0435 \u043d\u0430 \u041c\u0435\u0442\u0430\u043b\u0443\u0440\u0437\u0438 \u043d\u0430 \u041c\u0430\u043a\u0435\u0434\u043e\u043d\u0438\u0458\u0430<\/a><\/p>\n\n\n\n<p><a href=\"http:\/\/www.tmf.ukim.edu.mk\/cmum20\/\" data-type=\"link\" data-id=\"http:\/\/www.tmf.ukim.edu.mk\/cmum20\/\">IX International Congress of Metallurgists of Macedonia<\/a><\/p>\n\n\n\n<p><a href=\"http:\/\/engineer.org.mk\/nanomak.aspx\" data-type=\"link\" data-id=\"http:\/\/engineer.org.mk\/nanomak.aspx\">\u041d\u0410\u041d\u041e\u041c\u0410\u041a<\/a><\/p>\n\n\n\n<p><a href=\"http:\/\/sps-g5244.mk\/\" data-type=\"link\" data-id=\"http:\/\/sps-g5244.mk\/\">Nato project: Graphene\/Polymer Based Sensor SPS G5244<\/a><\/p>\n\n\n\n<p><a href=\"https:\/\/www.scopus.com\/home.uri\" data-type=\"link\" data-id=\"https:\/\/www.scopus.com\/home.uri\">SCOPUS<\/a><\/p>\n\n\n\n<p><a href=\"https:\/\/education.ec.europa.eu\/external-relation-programmes\/doc70_en.htm\" data-type=\"link\" data-id=\"https:\/\/education.ec.europa.eu\/external-relation-programmes\/doc70_en.htm\">TEMPUS<\/a><\/p>\n\n\n\n<p><a href=\"https:\/\/feit.ukim.edu.mk\/\" data-type=\"link\" data-id=\"https:\/\/feit.ukim.edu.mk\/\">\u0424\u0430\u043a\u0443\u043b\u0442\u0435\u0442 \u0437\u0430 \u0435\u043b\u0435\u043a\u0442\u0440\u043e\u0442\u0435\u0445\u043d\u0438\u043a\u0430 \u0438 \u0438\u043d\u0444\u043e\u0440\u043c\u0430\u0446\u0438\u0441\u043a\u0438 \u0442\u0435\u0445\u043d\u043e\u043b\u043e\u0433\u0438\u0438<\/a><\/p>\n\n\n\n<p><a href=\"https:\/\/www.finki.ukim.mk\/\" data-type=\"link\" data-id=\"https:\/\/www.finki.ukim.mk\/\">\u0424\u0430\u043a\u0443\u043b\u0442\u0435\u0442 \u0437\u0430 \u0438\u043d\u0444\u043e\u0440\u043c\u0430\u0442\u0438\u0447\u043a\u0438 \u043d\u0430\u0443\u043a\u0438 \u0438 \u043a\u043e\u043c\u043f\u0458\u0443\u0442\u0435\u0440\u0441\u043a\u043e \u0438\u043d\u0436\u0435\u043d\u0435\u0440\u0441\u0442\u0432\u043e<\/a><\/p>\n\n\n\n<p><a href=\"https:\/\/www.mf.ukim.edu.mk\/\" data-type=\"link\" data-id=\"https:\/\/www.mf.ukim.edu.mk\/\">\u041c\u0430\u0448\u0438\u043d\u0441\u043a\u0438 \u0444\u0430\u043a\u0443\u043b\u0442\u0435\u0442<\/a><\/p>\n\n\n\n<p><a href=\"https:\/\/www.tf.ni.ac.rs\/\" data-type=\"link\" data-id=\"https:\/\/www.tf.ni.ac.rs\/\">\u0422\u0435\u0445\u043d\u043e\u043b\u043e\u0448\u043a\u0438 \u0444\u0430\u043a\u0443\u043b\u0442\u0435\u0442 \u0432\u043e \u041b\u0435\u0441\u043a\u043e\u0432\u0430\u0446<\/a><\/p>\n\n\n\n<p><a href=\"https:\/\/www.simet.unizg.hr\/hr\/o-fakultetu\" data-type=\"link\" data-id=\"https:\/\/www.simet.unizg.hr\/hr\/o-fakultetu\">Sveu\u010dili\u0161te u Zagrebu &#8211; Metalur\u0161ki fakultet<\/a><\/p>\n","protected":false},"excerpt":{"rendered":"<p>\u0423\u041d\u0418\u0412\u0415\u0420\u0417\u0418\u0422\u0415\u0422 \u201e\u0421\u0412. \u041a\u0418\u0420\u0418\u041b \u0418 \u041c\u0415\u0422\u041e\u0414\u0418\u0408\u201c \u041c\u0438\u043d\u0438\u0441\u0442\u0435\u0440\u0441\u0442\u0432\u043e \u0437\u0430 \u043e\u0431\u0440\u0430\u0437\u043e\u0432\u0430\u043d\u0438\u0435 \u0438 \u043d\u0430\u0443\u043a\u0430 \u043d\u0430 \u0420\u0435\u043f\u0443\u0431\u043b\u0438\u043a\u0430 \u0421\u0435\u0432\u0435\u0440\u043d\u0430 \u041c\u0430\u043a\u0435\u0434\u043e\u043d\u0438\u0458\u0430 \u0426\u0435\u043d\u0442\u0430\u0440 \u0437\u0430 \u043a\u0430\u0440\u0438\u0435\u0440\u0430 \u0421\u0442\u0443\u0434\u0435\u043d\u0442\u0441\u043a\u0438 \u043f\u0430\u0440\u043b\u0430\u043c\u0435\u043d\u0442 \u0418\u043d\u0436\u0435\u043d\u0435\u0440\u0441\u043a\u0430 \u0438\u043d\u0441\u0442\u0438\u0442\u0443\u0446\u0438\u0458\u0430 \u043d\u0430 \u041c\u0430\u043a\u0435\u0434\u043e\u043d\u0438\u0458\u0430 \u041c\u0430\u043a\u0435\u0434\u043e\u043d\u0441\u043a\u0430 \u0432\u043e\u0434\u043e\u0440\u043e\u0434\u043d\u0430 \u0430\u0441\u043e\u0446\u0438\u0458\u0430\u0446\u0438\u0458\u0430 \u0421\u043e\u0458\u0443\u0437 \u043d\u0430 \u0445\u0435\u043c\u0438\u0447\u0430\u0440\u0438 \u0438 \u0442\u0435\u0445\u043d\u043e\u043b\u043e\u0437\u0438 \u043d\u0430 \u041c\u0430\u043a\u0435\u0434\u043e\u043d\u0438\u0458\u0430 \u0417\u0434\u0440\u0443\u0436\u0435\u043d\u0438\u0435 \u043d\u0430 \u041c\u0435\u0442\u0430\u043b\u0443\u0440\u0437\u0438 \u043d\u0430 \u041c\u0430\u043a\u0435\u0434\u043e\u043d\u0438\u0458\u0430 IX International Congress of Metallurgists of Macedonia \u041d\u0410\u041d\u041e\u041c\u0410\u041a Nato project: Graphene\/Polymer Based Sensor SPS G5244 SCOPUS TEMPUS \u0424\u0430\u043a\u0443\u043b\u0442\u0435\u0442 \u0437\u0430 \u0435\u043b\u0435\u043a\u0442\u0440\u043e\u0442\u0435\u0445\u043d\u0438\u043a\u0430 \u0438 \u0438\u043d\u0444\u043e\u0440\u043c\u0430\u0446\u0438\u0441\u043a\u0438 \u0442\u0435\u0445\u043d\u043e\u043b\u043e\u0433\u0438\u0438 \u0424\u0430\u043a\u0443\u043b\u0442\u0435\u0442 \u0437\u0430 \u0438\u043d\u0444\u043e\u0440\u043c\u0430\u0442\u0438\u0447\u043a\u0438 \u043d\u0430\u0443\u043a\u0438 \u0438 \u043a\u043e\u043c\u043f\u0458\u0443\u0442\u0435\u0440\u0441\u043a\u043e \u0438\u043d\u0436\u0435\u043d\u0435\u0440\u0441\u0442\u0432\u043e \u041c\u0430\u0448\u0438\u043d\u0441\u043a\u0438 \u0444\u0430\u043a\u0443\u043b\u0442\u0435\u0442 \u0422\u0435\u0445\u043d\u043e\u043b\u043e\u0448\u043a\u0438 \u0444\u0430\u043a\u0443\u043b\u0442\u0435\u0442 \u0432\u043e \u041b\u0435\u0441\u043a\u043e\u0432\u0430\u0446 Sveu\u010dili\u0161te u Zagrebu &#8211; Metalur\u0161ki fakultet<\/p>\n","protected":false},"author":1,"featured_media":0,"parent":0,"menu_order":0,"comment_status":"closed","ping_status":"closed","template":"","meta":{"footnotes":""},"class_list":["post-12713","page","type-page","status-publish","hentry","post-no-thumbnail"],"aioseo_notices":[],"_links":{"self":[{"href":"https:\/\/www.tmf.ukim.edu.mk\/en\/wp-json\/wp\/v2\/pages\/12713","targetHints":{"allow":["GET"]}}],"collection":[{"href":"https:\/\/www.tmf.ukim.edu.mk\/en\/wp-json\/wp\/v2\/pages"}],"about":[{"href":"https:\/\/www.tmf.ukim.edu.mk\/en\/wp-json\/wp\/v2\/types\/page"}],"author":[{"embeddable":true,"href":"https:\/\/www.tmf.ukim.edu.mk\/en\/wp-json\/wp\/v2\/users\/1"}],"replies":[{"embeddable":true,"href":"https:\/\/www.tmf.ukim.edu.mk\/en\/wp-json\/wp\/v2\/comments?post=12713"}],"version-history":[{"count":1,"href":"https:\/\/www.tmf.ukim.edu.mk\/en\/wp-json\/wp\/v2\/pages\/12713\/revisions"}],"predecessor-version":[{"id":12724,"href":"https:\/\/www.tmf.ukim.edu.mk\/en\/wp-json\/wp\/v2\/pages\/12713\/revisions\/12724"}],"wp:attachment":[{"href":"https:\/\/www.tmf.ukim.edu.mk\/en\/wp-json\/wp\/v2\/media?parent=12713"}],"curies":[{"name":"wp","href":"https:\/\/api.w.org\/{rel}","templated":true}]}}